{"id":7,"date":"2021-09-04T14:52:49","date_gmt":"2021-09-04T14:52:49","guid":{"rendered":"https:\/\/costadeptos.com.ar\/?page_id=7"},"modified":"2023-12-29T16:42:01","modified_gmt":"2023-12-29T16:42:01","slug":"contact","status":"publish","type":"page","link":"https:\/\/costadeptos.com.ar\/?page_id=7","title":{"rendered":"Contacto"},"content":{"rendered":"\n<p class=\"has-large-font-size\" style=\"line-height:1\"><strong>Para mas informaci\u00f3n y reservas:<\/strong><\/p>\n\n\n\n<p style=\"font-size:28px\">Comun\u00edquese al tel\u00e9fono: <strong>02246-528168<\/strong><\/p>\n\n\n\n<p style=\"font-size:28px\">WhatsApp o Celular: <strong>(11) 3912-2258<\/strong><\/p>\n\n\n\n<figure class=\"wp-block-image size-full\"><a href=\"https:\/\/wa.me\/5491139122258\"><img loading=\"lazy\" decoding=\"async\" width=\"378\" height=\"80\" src=\"https:\/\/costadeptos.com.ar\/wp-content\/uploads\/2023\/12\/wa-1.png\" alt=\"\" class=\"wp-image-304\"\/><\/a><\/figure>\n\n\n\n<p class=\"has-normal-font-size\"><strong>Costadeptos &#8211; Alquiler de departamentos &#8211; Mar del Tuyu<\/strong><\/p>\n","protected":false},"excerpt":{"rendered":"<p>Para mas informaci\u00f3n y reservas: Comun\u00edquese al tel\u00e9fono: 02246-528168 WhatsApp o Celular: (11) 3912-2258 Costadeptos &#8211; Alquiler de departamentos &#8211; Mar del Tuyu<\/p>\n","protected":false},"author":1,"featured_media":0,"parent":0,"menu_order":0,"comment_status":"closed","ping_status":"closed","template":"","meta":{"footnotes":""},"class_list":["post-7","page","type-page","status-publish","hentry","entry"],"aioseo_notices":[],"_links":{"self":[{"href":"https:\/\/costadeptos.com.ar\/index.php?rest_route=\/wp\/v2\/pages\/7","targetHints":{"allow":["GET"]}}],"collection":[{"href":"https:\/\/costadeptos.com.ar\/index.php?rest_route=\/wp\/v2\/pages"}],"about":[{"href":"https:\/\/costadeptos.com.ar\/index.php?rest_route=\/wp\/v2\/types\/page"}],"author":[{"embeddable":true,"href":"https:\/\/costadeptos.com.ar\/index.php?rest_route=\/wp\/v2\/users\/1"}],"replies":[{"embeddable":true,"href":"https:\/\/costadeptos.com.ar\/index.php?rest_route=%2Fwp%2Fv2%2Fcomments&post=7"}],"version-history":[{"count":10,"href":"https:\/\/costadeptos.com.ar\/index.php?rest_route=\/wp\/v2\/pages\/7\/revisions"}],"predecessor-version":[{"id":330,"href":"https:\/\/costadeptos.com.ar\/index.php?rest_route=\/wp\/v2\/pages\/7\/revisions\/330"}],"wp:attachment":[{"href":"https:\/\/costadeptos.com.ar\/index.php?rest_route=%2Fwp%2Fv2%2Fmedia&parent=7"}],"curies":[{"name":"wp","href":"https:\/\/api.w.org\/{rel}","templated":true}]}}