{"id":68,"date":"2021-09-12T13:31:35","date_gmt":"2021-09-12T13:31:35","guid":{"rendered":"https:\/\/costadeptos.com.ar\/?page_id=68"},"modified":"2023-12-27T20:06:47","modified_gmt":"2023-12-27T20:06:47","slug":"fotos","status":"publish","type":"page","link":"https:\/\/costadeptos.com.ar\/?page_id=68","title":{"rendered":"Fotos"},"content":{"rendered":"\n<p><strong>Cont\u00e1ctenos al (2246)-528168 o al celular (11) 3912-2258<\/strong> <strong>para mas informaci\u00f3n y reservas.<\/strong><\/p>\n\n\n\n<figure class=\"wp-block-image size-full\"><a href=\"https:\/\/wa.me\/5491139122258\"><img loading=\"lazy\" decoding=\"async\" width=\"378\" height=\"80\" src=\"https:\/\/costadeptos.com.ar\/wp-content\/uploads\/2023\/12\/wa-1.png\" alt=\"\" class=\"wp-image-304\"\/><\/a><\/figure>\n\n\n\n<figure class=\"wp-block-image size-large\"><img loading=\"lazy\" decoding=\"async\" width=\"1024\" height=\"576\" src=\"https:\/\/costadeptos.com.ar\/wp-content\/uploads\/2021\/09\/Manana-terraza-1024x576.jpeg\" alt=\"\" class=\"wp-image-137\" srcset=\"https:\/\/costadeptos.com.ar\/wp-content\/uploads\/2021\/09\/Manana-terraza-1024x576.jpeg 1024w, https:\/\/costadeptos.com.ar\/wp-content\/uploads\/2021\/09\/Manana-terraza-300x169.jpeg 300w, https:\/\/costadeptos.com.ar\/wp-content\/uploads\/2021\/09\/Manana-terraza-768x432.jpeg 768w, https:\/\/costadeptos.com.ar\/wp-content\/uploads\/2021\/09\/Manana-terraza.jpeg 1280w\" sizes=\"auto, (max-width: 1024px) 100vw, 1024px\" \/><\/figure>\n\n\n\n<figure class=\"wp-block-image size-large\"><img loading=\"lazy\" decoding=\"async\" width=\"1024\" height=\"576\" src=\"https:\/\/costadeptos.com.ar\/wp-content\/uploads\/2021\/09\/Playa-58-1024x576.jpeg\" alt=\"\" class=\"wp-image-138\" srcset=\"https:\/\/costadeptos.com.ar\/wp-content\/uploads\/2021\/09\/Playa-58-1024x576.jpeg 1024w, https:\/\/costadeptos.com.ar\/wp-content\/uploads\/2021\/09\/Playa-58-300x169.jpeg 300w, https:\/\/costadeptos.com.ar\/wp-content\/uploads\/2021\/09\/Playa-58-768x432.jpeg 768w, https:\/\/costadeptos.com.ar\/wp-content\/uploads\/2021\/09\/Playa-58.jpeg 1280w\" sizes=\"auto, (max-width: 1024px) 100vw, 1024px\" \/><\/figure>\n\n\n\n<figure class=\"wp-block-image size-large\"><img loading=\"lazy\" decoding=\"async\" width=\"1024\" height=\"576\" src=\"https:\/\/costadeptos.com.ar\/wp-content\/uploads\/2022\/11\/IMG-20210209-WA0013-1-1024x576.jpg\" alt=\"\" class=\"wp-image-212\" srcset=\"https:\/\/costadeptos.com.ar\/wp-content\/uploads\/2022\/11\/IMG-20210209-WA0013-1-1024x576.jpg 1024w, https:\/\/costadeptos.com.ar\/wp-content\/uploads\/2022\/11\/IMG-20210209-WA0013-1-300x169.jpg 300w, https:\/\/costadeptos.com.ar\/wp-content\/uploads\/2022\/11\/IMG-20210209-WA0013-1-768x432.jpg 768w, https:\/\/costadeptos.com.ar\/wp-content\/uploads\/2022\/11\/IMG-20210209-WA0013-1.jpg 1280w\" sizes=\"auto, (max-width: 1024px) 100vw, 1024px\" \/><\/figure>\n\n\n\n<figure class=\"wp-block-image size-large\"><img loading=\"lazy\" decoding=\"async\" width=\"1024\" height=\"576\" src=\"https:\/\/costadeptos.com.ar\/wp-content\/uploads\/2022\/11\/IMG-20210209-WA0010-1-1024x576.jpg\" alt=\"\" class=\"wp-image-211\" srcset=\"https:\/\/costadeptos.com.ar\/wp-content\/uploads\/2022\/11\/IMG-20210209-WA0010-1-1024x576.jpg 1024w, https:\/\/costadeptos.com.ar\/wp-content\/uploads\/2022\/11\/IMG-20210209-WA0010-1-300x169.jpg 300w, https:\/\/costadeptos.com.ar\/wp-content\/uploads\/2022\/11\/IMG-20210209-WA0010-1-768x432.jpg 768w, https:\/\/costadeptos.com.ar\/wp-content\/uploads\/2022\/11\/IMG-20210209-WA0010-1.jpg 1280w\" sizes=\"auto, (max-width: 1024px) 100vw, 1024px\" \/><\/figure>\n\n\n\n<figure class=\"wp-block-image size-large\"><img loading=\"lazy\" decoding=\"async\" width=\"500\" height=\"281\" src=\"https:\/\/costadeptos.com.ar\/wp-content\/uploads\/2021\/09\/Balvista7boule.jpg\" alt=\"\" class=\"wp-image-70\" srcset=\"https:\/\/costadeptos.com.ar\/wp-content\/uploads\/2021\/09\/Balvista7boule.jpg 500w, https:\/\/costadeptos.com.ar\/wp-content\/uploads\/2021\/09\/Balvista7boule-300x169.jpg 300w\" sizes=\"auto, (max-width: 500px) 100vw, 500px\" \/><\/figure>\n\n\n\n<figure class=\"wp-block-image size-large\"><img loading=\"lazy\" decoding=\"async\" width=\"500\" height=\"281\" src=\"https:\/\/costadeptos.com.ar\/wp-content\/uploads\/2021\/09\/Balvista7ca1.jpg\" alt=\"\" class=\"wp-image-71\" srcset=\"https:\/\/costadeptos.com.ar\/wp-content\/uploads\/2021\/09\/Balvista7ca1.jpg 500w, https:\/\/costadeptos.com.ar\/wp-content\/uploads\/2021\/09\/Balvista7ca1-300x169.jpg 300w\" sizes=\"auto, (max-width: 500px) 100vw, 500px\" \/><\/figure>\n\n\n\n<figure class=\"wp-block-image size-large\"><img loading=\"lazy\" decoding=\"async\" width=\"500\" height=\"281\" src=\"https:\/\/costadeptos.com.ar\/wp-content\/uploads\/2021\/09\/DF2ent.jpg\" alt=\"\" class=\"wp-image-84\" srcset=\"https:\/\/costadeptos.com.ar\/wp-content\/uploads\/2021\/09\/DF2ent.jpg 500w, https:\/\/costadeptos.com.ar\/wp-content\/uploads\/2021\/09\/DF2ent-300x169.jpg 300w\" sizes=\"auto, (max-width: 500px) 100vw, 500px\" \/><\/figure>\n\n\n\n<figure class=\"wp-block-image size-large\"><img loading=\"lazy\" decoding=\"async\" width=\"400\" height=\"300\" src=\"https:\/\/costadeptos.com.ar\/wp-content\/uploads\/2021\/09\/ban760.jpg\" alt=\"\" class=\"wp-image-74\" srcset=\"https:\/\/costadeptos.com.ar\/wp-content\/uploads\/2021\/09\/ban760.jpg 400w, https:\/\/costadeptos.com.ar\/wp-content\/uploads\/2021\/09\/ban760-300x225.jpg 300w\" sizes=\"auto, (max-width: 400px) 100vw, 400px\" \/><\/figure>\n\n\n\n<figure class=\"wp-block-image size-large is-resized\"><img loading=\"lazy\" decoding=\"async\" width=\"500\" height=\"281\" src=\"https:\/\/costadeptos.com.ar\/wp-content\/uploads\/2021\/09\/DF5cam.jpg\" alt=\"\" class=\"wp-image-90\" style=\"width:594px;height:334px\" srcset=\"https:\/\/costadeptos.com.ar\/wp-content\/uploads\/2021\/09\/DF5cam.jpg 500w, https:\/\/costadeptos.com.ar\/wp-content\/uploads\/2021\/09\/DF5cam-300x169.jpg 300w\" sizes=\"auto, (max-width: 500px) 100vw, 500px\" \/><\/figure>\n\n\n\n<figure class=\"wp-block-image size-large\"><img loading=\"lazy\" decoding=\"async\" width=\"400\" height=\"300\" src=\"https:\/\/costadeptos.com.ar\/wp-content\/uploads\/2021\/09\/ban762.jpg\" alt=\"\" class=\"wp-image-75\" srcset=\"https:\/\/costadeptos.com.ar\/wp-content\/uploads\/2021\/09\/ban762.jpg 400w, https:\/\/costadeptos.com.ar\/wp-content\/uploads\/2021\/09\/ban762-300x225.jpg 300w\" sizes=\"auto, (max-width: 400px) 100vw, 400px\" \/><\/figure>\n\n\n\n<figure class=\"wp-block-image size-large\"><img loading=\"lazy\" decoding=\"async\" width=\"400\" height=\"300\" src=\"https:\/\/costadeptos.com.ar\/wp-content\/uploads\/2021\/09\/ban712.jpg\" alt=\"\" class=\"wp-image-73\" srcset=\"https:\/\/costadeptos.com.ar\/wp-content\/uploads\/2021\/09\/ban712.jpg 400w, https:\/\/costadeptos.com.ar\/wp-content\/uploads\/2021\/09\/ban712-300x225.jpg 300w\" sizes=\"auto, (max-width: 400px) 100vw, 400px\" \/><\/figure>\n\n\n\n<figure class=\"wp-block-image size-large\"><img loading=\"lazy\" decoding=\"async\" width=\"500\" height=\"281\" src=\"https:\/\/costadeptos.com.ar\/wp-content\/uploads\/2021\/09\/Coci2.jpg\" alt=\"\" class=\"wp-image-78\" srcset=\"https:\/\/costadeptos.com.ar\/wp-content\/uploads\/2021\/09\/Coci2.jpg 500w, https:\/\/costadeptos.com.ar\/wp-content\/uploads\/2021\/09\/Coci2-300x169.jpg 300w\" sizes=\"auto, (max-width: 500px) 100vw, 500px\" \/><\/figure>\n\n\n\n<figure class=\"wp-block-image size-large is-resized\"><img loading=\"lazy\" decoding=\"async\" width=\"400\" height=\"300\" src=\"https:\/\/costadeptos.com.ar\/wp-content\/uploads\/2021\/09\/coci703.jpg\" alt=\"\" class=\"wp-image-79\" srcset=\"https:\/\/costadeptos.com.ar\/wp-content\/uploads\/2021\/09\/coci703.jpg 400w, https:\/\/costadeptos.com.ar\/wp-content\/uploads\/2021\/09\/coci703-300x225.jpg 300w\" sizes=\"auto, (max-width: 400px) 100vw, 400px\" \/><\/figure>\n\n\n\n<figure class=\"wp-block-image size-large\"><img loading=\"lazy\" decoding=\"async\" width=\"400\" height=\"300\" src=\"https:\/\/costadeptos.com.ar\/wp-content\/uploads\/2021\/09\/coci759.jpg\" alt=\"\" class=\"wp-image-80\" srcset=\"https:\/\/costadeptos.com.ar\/wp-content\/uploads\/2021\/09\/coci759.jpg 400w, https:\/\/costadeptos.com.ar\/wp-content\/uploads\/2021\/09\/coci759-300x225.jpg 300w\" sizes=\"auto, (max-width: 400px) 100vw, 400px\" \/><\/figure>\n\n\n\n<figure class=\"wp-block-image size-large\"><img loading=\"lazy\" decoding=\"async\" width=\"500\" height=\"281\" src=\"https:\/\/costadeptos.com.ar\/wp-content\/uploads\/2021\/09\/DF3ent.jpg\" alt=\"\" class=\"wp-image-88\" srcset=\"https:\/\/costadeptos.com.ar\/wp-content\/uploads\/2021\/09\/DF3ent.jpg 500w, https:\/\/costadeptos.com.ar\/wp-content\/uploads\/2021\/09\/DF3ent-300x169.jpg 300w\" sizes=\"auto, (max-width: 500px) 100vw, 500px\" \/><\/figure>\n\n\n\n<figure class=\"wp-block-image size-large\"><img loading=\"lazy\" decoding=\"async\" width=\"281\" height=\"500\" src=\"https:\/\/costadeptos.com.ar\/wp-content\/uploads\/2021\/09\/DF2.jpg\" alt=\"\" class=\"wp-image-82\" srcset=\"https:\/\/costadeptos.com.ar\/wp-content\/uploads\/2021\/09\/DF2.jpg 281w, https:\/\/costadeptos.com.ar\/wp-content\/uploads\/2021\/09\/DF2-169x300.jpg 169w\" sizes=\"auto, (max-width: 281px) 100vw, 281px\" \/><\/figure>\n\n\n\n<figure class=\"wp-block-image size-large\"><img loading=\"lazy\" decoding=\"async\" width=\"500\" height=\"281\" src=\"https:\/\/costadeptos.com.ar\/wp-content\/uploads\/2021\/09\/DF3cam.jpg\" alt=\"\" class=\"wp-image-86\" srcset=\"https:\/\/costadeptos.com.ar\/wp-content\/uploads\/2021\/09\/DF3cam.jpg 500w, https:\/\/costadeptos.com.ar\/wp-content\/uploads\/2021\/09\/DF3cam-300x169.jpg 300w\" sizes=\"auto, (max-width: 500px) 100vw, 500px\" \/><\/figure>\n\n\n\n<figure class=\"wp-block-image size-large\"><img loading=\"lazy\" decoding=\"async\" width=\"281\" height=\"500\" src=\"https:\/\/costadeptos.com.ar\/wp-content\/uploads\/2021\/09\/DF2com.jpg\" alt=\"\" class=\"wp-image-83\" srcset=\"https:\/\/costadeptos.com.ar\/wp-content\/uploads\/2021\/09\/DF2com.jpg 281w, https:\/\/costadeptos.com.ar\/wp-content\/uploads\/2021\/09\/DF2com-169x300.jpg 169w\" sizes=\"auto, (max-width: 281px) 100vw, 281px\" \/><\/figure>\n\n\n\n<figure class=\"wp-block-image size-large\"><img loading=\"lazy\" decoding=\"async\" width=\"281\" height=\"500\" src=\"https:\/\/costadeptos.com.ar\/wp-content\/uploads\/2021\/09\/DF3Ban.jpg\" alt=\"\" class=\"wp-image-85\" srcset=\"https:\/\/costadeptos.com.ar\/wp-content\/uploads\/2021\/09\/DF3Ban.jpg 281w, https:\/\/costadeptos.com.ar\/wp-content\/uploads\/2021\/09\/DF3Ban-169x300.jpg 169w\" sizes=\"auto, (max-width: 281px) 100vw, 281px\" \/><\/figure>\n\n\n\n<figure class=\"wp-block-image size-large\"><img loading=\"lazy\" decoding=\"async\" width=\"281\" height=\"500\" src=\"https:\/\/costadeptos.com.ar\/wp-content\/uploads\/2021\/09\/Camplac.jpg\" alt=\"\" class=\"wp-image-77\" srcset=\"https:\/\/costadeptos.com.ar\/wp-content\/uploads\/2021\/09\/Camplac.jpg 281w, https:\/\/costadeptos.com.ar\/wp-content\/uploads\/2021\/09\/Camplac-169x300.jpg 169w\" sizes=\"auto, (max-width: 281px) 100vw, 281px\" \/><\/figure>\n\n\n\n<figure class=\"wp-block-image size-large\"><img loading=\"lazy\" decoding=\"async\" width=\"500\" height=\"281\" src=\"https:\/\/costadeptos.com.ar\/wp-content\/uploads\/2021\/09\/DF3cocban.jpg\" alt=\"\" class=\"wp-image-87\" srcset=\"https:\/\/costadeptos.com.ar\/wp-content\/uploads\/2021\/09\/DF3cocban.jpg 500w, https:\/\/costadeptos.com.ar\/wp-content\/uploads\/2021\/09\/DF3cocban-300x169.jpg 300w\" sizes=\"auto, (max-width: 500px) 100vw, 500px\" \/><\/figure>\n\n\n\n<figure class=\"wp-block-image size-large\"><img loading=\"lazy\" decoding=\"async\" width=\"281\" height=\"500\" src=\"https:\/\/costadeptos.com.ar\/wp-content\/uploads\/2021\/09\/DF4cam.jpg\" alt=\"\" class=\"wp-image-89\" srcset=\"https:\/\/costadeptos.com.ar\/wp-content\/uploads\/2021\/09\/DF4cam.jpg 281w, https:\/\/costadeptos.com.ar\/wp-content\/uploads\/2021\/09\/DF4cam-169x300.jpg 169w\" sizes=\"auto, (max-width: 281px) 100vw, 281px\" \/><\/figure>\n\n\n\n<figure class=\"wp-block-image size-large\"><img loading=\"lazy\" decoding=\"async\" width=\"500\" height=\"281\" src=\"https:\/\/costadeptos.com.ar\/wp-content\/uploads\/2021\/09\/Descanso1.jpg\" alt=\"\" class=\"wp-image-81\" srcset=\"https:\/\/costadeptos.com.ar\/wp-content\/uploads\/2021\/09\/Descanso1.jpg 500w, https:\/\/costadeptos.com.ar\/wp-content\/uploads\/2021\/09\/Descanso1-300x169.jpg 300w\" sizes=\"auto, (max-width: 500px) 100vw, 500px\" \/><\/figure>\n\n\n\n<figure class=\"wp-block-image size-large\"><img loading=\"lazy\" decoding=\"async\" width=\"500\" height=\"281\" src=\"https:\/\/costadeptos.com.ar\/wp-content\/uploads\/2021\/09\/DF9ent.jpg\" alt=\"\" class=\"wp-image-91\" srcset=\"https:\/\/costadeptos.com.ar\/wp-content\/uploads\/2021\/09\/DF9ent.jpg 500w, https:\/\/costadeptos.com.ar\/wp-content\/uploads\/2021\/09\/DF9ent-300x169.jpg 300w\" sizes=\"auto, (max-width: 500px) 100vw, 500px\" \/><\/figure>\n\n\n\n<figure class=\"wp-block-image size-large\"><img loading=\"lazy\" decoding=\"async\" width=\"500\" height=\"281\" src=\"https:\/\/costadeptos.com.ar\/wp-content\/uploads\/2021\/09\/DF45cam.jpg\" alt=\"\" class=\"wp-image-92\" srcset=\"https:\/\/costadeptos.com.ar\/wp-content\/uploads\/2021\/09\/DF45cam.jpg 500w, https:\/\/costadeptos.com.ar\/wp-content\/uploads\/2021\/09\/DF45cam-300x169.jpg 300w\" sizes=\"auto, (max-width: 500px) 100vw, 500px\" \/><\/figure>\n\n\n\n<figure class=\"wp-block-image size-large\"><img loading=\"lazy\" decoding=\"async\" width=\"500\" height=\"281\" src=\"https:\/\/costadeptos.com.ar\/wp-content\/uploads\/2021\/09\/DF89.jpg\" alt=\"\" class=\"wp-image-93\" srcset=\"https:\/\/costadeptos.com.ar\/wp-content\/uploads\/2021\/09\/DF89.jpg 500w, https:\/\/costadeptos.com.ar\/wp-content\/uploads\/2021\/09\/DF89-300x169.jpg 300w\" sizes=\"auto, (max-width: 500px) 100vw, 500px\" \/><\/figure>\n\n\n\n<figure class=\"wp-block-image size-large\"><img loading=\"lazy\" decoding=\"async\" width=\"281\" height=\"500\" src=\"https:\/\/costadeptos.com.ar\/wp-content\/uploads\/2021\/09\/DFBan.jpg\" alt=\"\" class=\"wp-image-94\" srcset=\"https:\/\/costadeptos.com.ar\/wp-content\/uploads\/2021\/09\/DFBan.jpg 281w, https:\/\/costadeptos.com.ar\/wp-content\/uploads\/2021\/09\/DFBan-169x300.jpg 169w\" sizes=\"auto, (max-width: 281px) 100vw, 281px\" \/><\/figure>\n\n\n\n<figure class=\"wp-block-image size-large\"><img loading=\"lazy\" decoding=\"async\" width=\"400\" height=\"300\" src=\"https:\/\/costadeptos.com.ar\/wp-content\/uploads\/2021\/09\/DSC01723.jpg\" alt=\"\" class=\"wp-image-95\" srcset=\"https:\/\/costadeptos.com.ar\/wp-content\/uploads\/2021\/09\/DSC01723.jpg 400w, https:\/\/costadeptos.com.ar\/wp-content\/uploads\/2021\/09\/DSC01723-300x225.jpg 300w\" sizes=\"auto, (max-width: 400px) 100vw, 400px\" \/><\/figure>\n\n\n\n<figure class=\"wp-block-image size-large\"><img loading=\"lazy\" decoding=\"async\" width=\"500\" height=\"281\" src=\"https:\/\/costadeptos.com.ar\/wp-content\/uploads\/2021\/09\/Esc2do.jpg\" alt=\"\" class=\"wp-image-96\" srcset=\"https:\/\/costadeptos.com.ar\/wp-content\/uploads\/2021\/09\/Esc2do.jpg 500w, https:\/\/costadeptos.com.ar\/wp-content\/uploads\/2021\/09\/Esc2do-300x169.jpg 300w\" sizes=\"auto, (max-width: 500px) 100vw, 500px\" \/><\/figure>\n\n\n\n<figure class=\"wp-block-image size-large\"><img loading=\"lazy\" decoding=\"async\" width=\"281\" height=\"500\" src=\"https:\/\/costadeptos.com.ar\/wp-content\/uploads\/2021\/09\/Escpb.jpg\" alt=\"\" class=\"wp-image-97\" srcset=\"https:\/\/costadeptos.com.ar\/wp-content\/uploads\/2021\/09\/Escpb.jpg 281w, https:\/\/costadeptos.com.ar\/wp-content\/uploads\/2021\/09\/Escpb-169x300.jpg 169w\" sizes=\"auto, (max-width: 281px) 100vw, 281px\" \/><\/figure>\n\n\n\n<figure class=\"wp-block-image size-large\"><img loading=\"lazy\" decoding=\"async\" width=\"500\" height=\"281\" src=\"https:\/\/costadeptos.com.ar\/wp-content\/uploads\/2021\/09\/Galeriafondo.jpg\" alt=\"\" class=\"wp-image-98\" srcset=\"https:\/\/costadeptos.com.ar\/wp-content\/uploads\/2021\/09\/Galeriafondo.jpg 500w, https:\/\/costadeptos.com.ar\/wp-content\/uploads\/2021\/09\/Galeriafondo-300x169.jpg 300w\" sizes=\"auto, (max-width: 500px) 100vw, 500px\" \/><\/figure>\n\n\n\n<figure class=\"wp-block-image size-large\"><img loading=\"lazy\" decoding=\"async\" width=\"400\" height=\"300\" src=\"https:\/\/costadeptos.com.ar\/wp-content\/uploads\/2021\/09\/hab773.jpg\" alt=\"\" class=\"wp-image-99\" srcset=\"https:\/\/costadeptos.com.ar\/wp-content\/uploads\/2021\/09\/hab773.jpg 400w, https:\/\/costadeptos.com.ar\/wp-content\/uploads\/2021\/09\/hab773-300x225.jpg 300w\" sizes=\"auto, (max-width: 400px) 100vw, 400px\" \/><\/figure>\n\n\n\n<figure class=\"wp-block-image size-large\"><img loading=\"lazy\" decoding=\"async\" width=\"400\" height=\"300\" src=\"https:\/\/costadeptos.com.ar\/wp-content\/uploads\/2021\/09\/hab786.jpg\" alt=\"\" class=\"wp-image-100\" srcset=\"https:\/\/costadeptos.com.ar\/wp-content\/uploads\/2021\/09\/hab786.jpg 400w, https:\/\/costadeptos.com.ar\/wp-content\/uploads\/2021\/09\/hab786-300x225.jpg 300w\" sizes=\"auto, (max-width: 400px) 100vw, 400px\" \/><\/figure>\n\n\n\n<figure class=\"wp-block-image size-large\"><img loading=\"lazy\" decoding=\"async\" width=\"400\" height=\"300\" src=\"https:\/\/costadeptos.com.ar\/wp-content\/uploads\/2021\/09\/hab801.jpg\" alt=\"\" class=\"wp-image-101\" srcset=\"https:\/\/costadeptos.com.ar\/wp-content\/uploads\/2021\/09\/hab801.jpg 400w, https:\/\/costadeptos.com.ar\/wp-content\/uploads\/2021\/09\/hab801-300x225.jpg 300w\" sizes=\"auto, (max-width: 400px) 100vw, 400px\" \/><\/figure>\n\n\n\n<figure class=\"wp-block-image size-large\"><img loading=\"lazy\" decoding=\"async\" width=\"500\" height=\"281\" src=\"https:\/\/costadeptos.com.ar\/wp-content\/uploads\/2021\/09\/Ingresofrente.jpg\" alt=\"\" class=\"wp-image-102\" srcset=\"https:\/\/costadeptos.com.ar\/wp-content\/uploads\/2021\/09\/Ingresofrente.jpg 500w, https:\/\/costadeptos.com.ar\/wp-content\/uploads\/2021\/09\/Ingresofrente-300x169.jpg 300w\" sizes=\"auto, (max-width: 500px) 100vw, 500px\" \/><\/figure>\n\n\n\n<figure class=\"wp-block-image size-large\"><img loading=\"lazy\" decoding=\"async\" width=\"500\" height=\"281\" src=\"https:\/\/costadeptos.com.ar\/wp-content\/uploads\/2021\/09\/Pas1ro.jpg\" alt=\"\" class=\"wp-image-103\" srcset=\"https:\/\/costadeptos.com.ar\/wp-content\/uploads\/2021\/09\/Pas1ro.jpg 500w, https:\/\/costadeptos.com.ar\/wp-content\/uploads\/2021\/09\/Pas1ro-300x169.jpg 300w\" sizes=\"auto, (max-width: 500px) 100vw, 500px\" \/><\/figure>\n\n\n\n<figure class=\"wp-block-image size-large\"><img loading=\"lazy\" decoding=\"async\" width=\"500\" height=\"281\" src=\"https:\/\/costadeptos.com.ar\/wp-content\/uploads\/2021\/09\/Pas2do.jpg\" alt=\"\" class=\"wp-image-104\" srcset=\"https:\/\/costadeptos.com.ar\/wp-content\/uploads\/2021\/09\/Pas2do.jpg 500w, https:\/\/costadeptos.com.ar\/wp-content\/uploads\/2021\/09\/Pas2do-300x169.jpg 300w\" sizes=\"auto, (max-width: 500px) 100vw, 500px\" \/><\/figure>\n\n\n\n<figure class=\"wp-block-image size-large\"><img loading=\"lazy\" decoding=\"async\" width=\"500\" height=\"281\" src=\"https:\/\/costadeptos.com.ar\/wp-content\/uploads\/2021\/09\/Pas2doesc.jpg\" alt=\"\" class=\"wp-image-105\" srcset=\"https:\/\/costadeptos.com.ar\/wp-content\/uploads\/2021\/09\/Pas2doesc.jpg 500w, https:\/\/costadeptos.com.ar\/wp-content\/uploads\/2021\/09\/Pas2doesc-300x169.jpg 300w\" sizes=\"auto, (max-width: 500px) 100vw, 500px\" \/><\/figure>\n\n\n\n<figure class=\"wp-block-image size-large\"><img loading=\"lazy\" decoding=\"async\" width=\"500\" height=\"281\" src=\"https:\/\/costadeptos.com.ar\/wp-content\/uploads\/2021\/09\/Pta23.jpg\" alt=\"\" class=\"wp-image-106\" srcset=\"https:\/\/costadeptos.com.ar\/wp-content\/uploads\/2021\/09\/Pta23.jpg 500w, https:\/\/costadeptos.com.ar\/wp-content\/uploads\/2021\/09\/Pta23-300x169.jpg 300w\" sizes=\"auto, (max-width: 500px) 100vw, 500px\" \/><\/figure>\n\n\n\n<figure class=\"wp-block-image size-large\"><img loading=\"lazy\" decoding=\"async\" width=\"281\" height=\"500\" src=\"https:\/\/costadeptos.com.ar\/wp-content\/uploads\/2021\/09\/Pta45.jpg\" alt=\"\" class=\"wp-image-107\" srcset=\"https:\/\/costadeptos.com.ar\/wp-content\/uploads\/2021\/09\/Pta45.jpg 281w, https:\/\/costadeptos.com.ar\/wp-content\/uploads\/2021\/09\/Pta45-169x300.jpg 169w\" sizes=\"auto, (max-width: 281px) 100vw, 281px\" \/><\/figure>\n\n\n\n<figure class=\"wp-block-image size-large\"><img loading=\"lazy\" decoding=\"async\" width=\"500\" height=\"281\" src=\"https:\/\/costadeptos.com.ar\/wp-content\/uploads\/2021\/09\/PtayEsc.jpg\" alt=\"\" class=\"wp-image-108\" srcset=\"https:\/\/costadeptos.com.ar\/wp-content\/uploads\/2021\/09\/PtayEsc.jpg 500w, https:\/\/costadeptos.com.ar\/wp-content\/uploads\/2021\/09\/PtayEsc-300x169.jpg 300w\" sizes=\"auto, (max-width: 500px) 100vw, 500px\" \/><\/figure>\n\n\n\n<figure class=\"wp-block-image size-large\"><img loading=\"lazy\" decoding=\"async\" width=\"400\" height=\"300\" src=\"https:\/\/costadeptos.com.ar\/wp-content\/uploads\/2021\/09\/terraza812_001.jpg\" alt=\"\" class=\"wp-image-110\" srcset=\"https:\/\/costadeptos.com.ar\/wp-content\/uploads\/2021\/09\/terraza812_001.jpg 400w, https:\/\/costadeptos.com.ar\/wp-content\/uploads\/2021\/09\/terraza812_001-300x225.jpg 300w\" sizes=\"auto, (max-width: 400px) 100vw, 400px\" \/><\/figure>\n\n\n\n<figure class=\"wp-block-image size-large\"><img loading=\"lazy\" decoding=\"async\" width=\"400\" height=\"300\" src=\"https:\/\/costadeptos.com.ar\/wp-content\/uploads\/2021\/09\/terraza813.jpg\" alt=\"\" class=\"wp-image-111\" srcset=\"https:\/\/costadeptos.com.ar\/wp-content\/uploads\/2021\/09\/terraza813.jpg 400w, https:\/\/costadeptos.com.ar\/wp-content\/uploads\/2021\/09\/terraza813-300x225.jpg 300w\" sizes=\"auto, (max-width: 400px) 100vw, 400px\" \/><\/figure>\n\n\n\n<figure class=\"wp-block-image size-large\"><img loading=\"lazy\" decoding=\"async\" width=\"400\" height=\"300\" src=\"https:\/\/costadeptos.com.ar\/wp-content\/uploads\/2021\/09\/terraza814.jpg\" alt=\"\" class=\"wp-image-112\" srcset=\"https:\/\/costadeptos.com.ar\/wp-content\/uploads\/2021\/09\/terraza814.jpg 400w, https:\/\/costadeptos.com.ar\/wp-content\/uploads\/2021\/09\/terraza814-300x225.jpg 300w\" sizes=\"auto, (max-width: 400px) 100vw, 400px\" \/><\/figure>\n\n\n\n<figure class=\"wp-block-image size-large\"><img loading=\"lazy\" decoding=\"async\" width=\"400\" height=\"300\" src=\"https:\/\/costadeptos.com.ar\/wp-content\/uploads\/2021\/09\/terraza815.jpg\" alt=\"\" class=\"wp-image-113\" srcset=\"https:\/\/costadeptos.com.ar\/wp-content\/uploads\/2021\/09\/terraza815.jpg 400w, https:\/\/costadeptos.com.ar\/wp-content\/uploads\/2021\/09\/terraza815-300x225.jpg 300w\" sizes=\"auto, (max-width: 400px) 100vw, 400px\" \/><\/figure>\n\n\n\n<figure class=\"wp-block-image size-large\"><img loading=\"lazy\" decoding=\"async\" width=\"400\" height=\"300\" src=\"https:\/\/costadeptos.com.ar\/wp-content\/uploads\/2021\/09\/terraza816.jpg\" alt=\"\" class=\"wp-image-114\" srcset=\"https:\/\/costadeptos.com.ar\/wp-content\/uploads\/2021\/09\/terraza816.jpg 400w, https:\/\/costadeptos.com.ar\/wp-content\/uploads\/2021\/09\/terraza816-300x225.jpg 300w\" sizes=\"auto, (max-width: 400px) 100vw, 400px\" \/><\/figure>\n\n\n\n<figure class=\"wp-block-image size-large\"><img loading=\"lazy\" decoding=\"async\" width=\"1024\" height=\"576\" src=\"https:\/\/costadeptos.com.ar\/wp-content\/uploads\/2021\/09\/Amanecer-Terraza-1024x576.jpeg\" alt=\"\" class=\"wp-image-136\" srcset=\"https:\/\/costadeptos.com.ar\/wp-content\/uploads\/2021\/09\/Amanecer-Terraza-1024x576.jpeg 1024w, https:\/\/costadeptos.com.ar\/wp-content\/uploads\/2021\/09\/Amanecer-Terraza-300x169.jpeg 300w, https:\/\/costadeptos.com.ar\/wp-content\/uploads\/2021\/09\/Amanecer-Terraza-768x432.jpeg 768w, https:\/\/costadeptos.com.ar\/wp-content\/uploads\/2021\/09\/Amanecer-Terraza.jpeg 1280w\" sizes=\"auto, (max-width: 1024px) 100vw, 1024px\" \/><\/figure>\n\n\n\n<figure class=\"wp-block-image size-large\"><img loading=\"lazy\" decoding=\"async\" width=\"1024\" height=\"576\" src=\"https:\/\/costadeptos.com.ar\/wp-content\/uploads\/2022\/11\/IMG-20210312-WA0005-1-1024x576.jpg\" alt=\"\" class=\"wp-image-207\" srcset=\"https:\/\/costadeptos.com.ar\/wp-content\/uploads\/2022\/11\/IMG-20210312-WA0005-1-1024x576.jpg 1024w, https:\/\/costadeptos.com.ar\/wp-content\/uploads\/2022\/11\/IMG-20210312-WA0005-1-300x169.jpg 300w, https:\/\/costadeptos.com.ar\/wp-content\/uploads\/2022\/11\/IMG-20210312-WA0005-1-768x432.jpg 768w, https:\/\/costadeptos.com.ar\/wp-content\/uploads\/2022\/11\/IMG-20210312-WA0005-1.jpg 1280w\" sizes=\"auto, (max-width: 1024px) 100vw, 1024px\" \/><\/figure>\n\n\n\n<p><strong>Cont\u00e1ctenos al 02246-528168 o 11 3912-2258<\/strong> <strong>para mas informaci\u00f3n y reservas.<\/strong><\/p>\n","protected":false},"excerpt":{"rendered":"<p>Cont\u00e1ctenos al (2246)-528168 o al celular (11) 3912-2258 para mas informaci\u00f3n y reservas. Cont\u00e1ctenos al 02246-528168 o 11 3912-2258 para mas informaci\u00f3n y reservas.<\/p>\n","protected":false},"author":1,"featured_media":0,"parent":0,"menu_order":0,"comment_status":"closed","ping_status":"closed","template":"","meta":{"footnotes":""},"class_list":["post-68","page","type-page","status-publish","hentry","entry"],"aioseo_notices":[],"_links":{"self":[{"href":"https:\/\/costadeptos.com.ar\/index.php?rest_route=\/wp\/v2\/pages\/68","targetHints":{"allow":["GET"]}}],"collection":[{"href":"https:\/\/costadeptos.com.ar\/index.php?rest_route=\/wp\/v2\/pages"}],"about":[{"href":"https:\/\/costadeptos.com.ar\/index.php?rest_route=\/wp\/v2\/types\/page"}],"author":[{"embeddable":true,"href":"https:\/\/costadeptos.com.ar\/index.php?rest_route=\/wp\/v2\/users\/1"}],"replies":[{"embeddable":true,"href":"https:\/\/costadeptos.com.ar\/index.php?rest_route=%2Fwp%2Fv2%2Fcomments&post=68"}],"version-history":[{"count":12,"href":"https:\/\/costadeptos.com.ar\/index.php?rest_route=\/wp\/v2\/pages\/68\/revisions"}],"predecessor-version":[{"id":318,"href":"https:\/\/costadeptos.com.ar\/index.php?rest_route=\/wp\/v2\/pages\/68\/revisions\/318"}],"wp:attachment":[{"href":"https:\/\/costadeptos.com.ar\/index.php?rest_route=%2Fwp%2Fv2%2Fmedia&parent=68"}],"curies":[{"name":"wp","href":"https:\/\/api.w.org\/{rel}","templated":true}]}}