{"id":42,"date":"2021-09-12T11:27:08","date_gmt":"2021-09-12T11:27:08","guid":{"rendered":"https:\/\/costadeptos.com.ar\/?page_id=42"},"modified":"2023-12-29T16:37:00","modified_gmt":"2023-12-29T16:37:00","slug":"informacion","status":"publish","type":"page","link":"https:\/\/costadeptos.com.ar\/?page_id=42","title":{"rendered":"Informaci\u00f3n"},"content":{"rendered":"\n<h4 class=\"wp-block-heading\" id=\"desde-1996-ofrecemos-departamentos-en-alquiler-en-mar-del-tuyu-en-avenida-58-n\u00ba-64-frente-al-boulevard-a-tan-solo-50-metros-del-mar\">Desde 1996 ofrecemos departamentos en alquiler en Mar del Tuy\u00fa, en Avenida 58 N\u00ba 64, frente al boulevard, muy cerca del mar, a tan s\u00f3lo 50 metros.<\/h4>\n\n\n\n<ul class=\"wp-block-list\">\n<li><strong>Equipados para 4 personas<\/strong><\/li>\n\n\n\n<li><strong>Vista al frente con balc\u00f3n o contra frente<\/strong><\/li>\n\n\n\n<li><strong>Departamentos en PB, 1\u00ba y 2\u00ba piso<\/strong><\/li>\n\n\n\n<li><strong>Cocheras internas privadas<\/strong><\/li>\n\n\n\n<li><strong>Televisi\u00f3n con servicio de cable<\/strong><\/li>\n\n\n\n<li><strong>Parrilla y lavadero compartidos en PB<\/strong><\/li>\n\n\n\n<li><strong>Agua caliente central<\/strong><\/li>\n\n\n\n<li><strong>Cocina con horno convencional a gas<\/strong><\/li>\n\n\n\n<li><strong>Vajilla y frazadas (solo deber\u00e1s traer sabanas, toallas, repasadores)<\/strong><\/li>\n\n\n\n<li><strong>Atenci\u00f3n personal en el lugar durante toda la temporada<\/strong><\/li>\n<\/ul>\n\n\n\n<p class=\"has-normal-font-size\"><strong>Su satisfacci\u00f3n es nuestra prioridad y queremos asegurarnos de que disfrute de su estad\u00eda al m\u00e1ximo.<\/strong><\/p>\n\n\n\n<p class=\"has-huge-font-size\"><strong>Ubicaci\u00f3n<\/strong><\/p>\n\n\n\n<iframe src=\"https:\/\/www.google.com\/maps\/embed?pb=!1m18!1m12!1m3!1d1274.8203776075131!2d-56.68948413031794!3d-36.559278298269824!2m3!1f0!2f0!3f0!3m2!1i1024!2i768!4f13.1!3m3!1m2!1s0x959c1323b72fc129%3A0x8f0578feeeacbfd8!2sC.%2058%2064%2C%20Mar%20del%20Tuy%C3%BA%2C%20Provincia%20de%20Buenos%20Aires%2C%20Argentina!5e1!3m2!1ses!2ses!4v1703787919793!5m2!1ses!2ses\" width=\"600\" height=\"450\" style=\"border:0;\" allowfullscreen=\"\" loading=\"lazy\" referrerpolicy=\"no-referrer-when-downgrade\"><\/iframe>\n\n\n\n<p><strong>Cont\u00e1ctenos al 02246-528168 o 11 3912-2258<\/strong> <strong>para mas informaci\u00f3n y reservas.<\/strong><\/p>\n\n\n\n<div class=\"wp-block-group\"><div class=\"wp-block-group__inner-container is-layout-flow wp-block-group-is-layout-flow\">\n<div class=\"wp-block-columns is-layout-flex wp-container-core-columns-is-layout-9d6595d7 wp-block-columns-is-layout-flex\">\n<div class=\"wp-block-column is-vertically-aligned-top is-layout-flow wp-block-column-is-layout-flow\" style=\"flex-basis:100%\">\n<figure class=\"wp-block-table\"><table><tbody><tr><td><strong>Preguntas frecuentes<\/strong><\/td><\/tr><tr><td><strong>\u00bfC\u00f3mo hago para alquilar un departamento?<\/strong><br>Para reservar su estad\u00eda, p\u00f3ngase en contacto con nosotros a trav\u00e9s de los siguientes n\u00fameros de tel\u00e9fono: Fijo (02246) 52-8168 \/ WhatsApp Celular (11) 3912-2258 para verificar la disponibilidad y comprobar que todo sea acorde a sus necesidades, le solicitaremos sus datos para el formulario de reserva y chequearemos la informaci\u00f3n, entonces le enviaremos los detalles de su reserva, as\u00ed como los datos necesarios para efectuar un anticipo del 50% del costo total. Este anticipo se podr\u00e1 realizar mediante una transferencia bancaria o un dep\u00f3sito en nuestra cuenta bancaria. <br>Una vez que hayamos recibido el monto correspondiente, la reserva quedar\u00e1 concretada y le enviaremos una copia firmada del formulario de reserva. <br>Aseg\u00farese de conservar el comprobante de su dep\u00f3sito o transferencia.<br>El saldo restante se abonar\u00e1 al momento de su ingreso, donde el titular de la reserva deber\u00e1 presentar su documento de identidad y el comprobante de la transferencia o dep\u00f3sito efectuado.<br>Durante el d\u00eda de su salida, llevaremos a cabo una inspecci\u00f3n del departamento en su presencia para asegurarnos de que se encuentre en el mismo estado de orden y limpieza que cuando ingres\u00f3.<br>Su satisfacci\u00f3n es nuestra prioridad y queremos asegurarnos de que disfrute de su estad\u00eda al m\u00e1ximo.<br><br><strong>\u00bfCu\u00e1ndo empiezan y terminan las quincenas?<\/strong><br><strong>1ra de Enero<\/strong>: ingreso el\u00a0<strong>1<\/strong>\u00a0a partir de las\u00a0<strong>12hs<\/strong>\u00a0y salida el\u00a0<strong>15<\/strong>\u00a0hasta las\u00a0<strong>10hs<\/strong>.<br><strong>2da de Enero<\/strong>: ingreso el\u00a0<strong>16<\/strong>\u00a0a partir de las\u00a0<strong>12hs<\/strong>\u00a0y salida el\u00a0<strong>30<\/strong>\u00a0hasta las\u00a0<strong>10hs<\/strong>.<br><strong>1ra de Febrero<\/strong>: ingreso el\u00a0<strong>1<\/strong>\u00a0a partir de las\u00a0<strong>12hs<\/strong>\u00a0y salida el\u00a0<strong>14<\/strong>\u00a0hasta las\u00a0<strong>10hs<\/strong>.<br><strong>2da de Febrero<\/strong>: ingreso el\u00a0<strong>15<\/strong>\u00a0a partir de las\u00a0<strong>12hs<\/strong>\u00a0y salida el\u00a0<strong>28<\/strong>\u00a0hasta las\u00a0<strong>10hs<\/strong>.<br><br><strong>\u00bfCu\u00e1les son los horarios de ingreso y de salida?<\/strong><br>El ingreso est\u00e1 disponible a partir de las 12:00hs del primer d\u00eda del per\u00edodo de alquiler, mientras que la salida debe realizarse antes de las 10:00 del \u00faltimo d\u00eda, recuerde que ese d\u00eda llevaremos a cabo una inspecci\u00f3n del departamento en su presencia para asegurarnos de que se encuentre en el mismo estado de orden y limpieza que cuando ingres\u00f3.<br><br><strong>\u00bfDebo encargarme de la conexi\u00f3n de la energ\u00eda el\u00e9ctrica, agua, gas o encender alg\u00fan artefacto?<\/strong><br>\u00a1No es necesario! Todo estar\u00e1 operativo y listo para su uso. El edificio cuenta con agua caliente central, y nos encargaremos de tener los servicios de agua, electricidad, gas y cable conectados para su comodidad. <br>(El departamento en Planta Baja Fondo cuenta con un termotanque independiente, el cual estar\u00e1 en pleno funcionamiento a su ingreso).&#8221;<br><br><strong>\u00bfSe permiten mascotas en el edificio?<\/strong><br>Pol\u00edtica de mascotas en el edificio: no se permiten mascotas en las instalaciones. <br>Esta regla se aplica de manera estricta y no se hacen excepciones.<\/td><\/tr><\/tbody><\/table><\/figure>\n<\/div>\n<\/div>\n\n\n\n<p class=\"has-normal-font-size\"><strong>Cont\u00e1ctenos al 02246-528168 o celular (11) 3912-2258<\/strong> <strong>para mas informaci\u00f3n y reservas.<\/strong><\/p>\n\n\n\n<figure class=\"wp-block-image size-full\"><a href=\"https:\/\/wa.me\/5491139122258\"><img loading=\"lazy\" decoding=\"async\" width=\"378\" height=\"80\" src=\"https:\/\/costadeptos.com.ar\/wp-content\/uploads\/2023\/12\/wa-1.png\" alt=\"\" class=\"wp-image-304\"\/><\/a><\/figure>\n<\/div><\/div>\n","protected":false},"excerpt":{"rendered":"<p>Desde 1996 ofrecemos departamentos en alquiler en Mar del Tuy\u00fa, en Avenida 58 N\u00ba 64, frente al boulevard, muy cerca del mar, a tan s\u00f3lo 50 metros. Su satisfacci\u00f3n es nuestra prioridad y queremos asegurarnos de que disfrute de su estad\u00eda al m\u00e1ximo. Ubicaci\u00f3n Cont\u00e1ctenos al 02246-528168 o 11 3912-2258 para mas informaci\u00f3n y reservas. &hellip; <\/p>\n<p class=\"link-more\"><a href=\"https:\/\/costadeptos.com.ar\/?page_id=42\" class=\"more-link\">Continuar leyendo<span class=\"screen-reader-text\"> &#8220;Informaci\u00f3n&#8221;<\/span><\/a><\/p>\n","protected":false},"author":1,"featured_media":0,"parent":0,"menu_order":0,"comment_status":"closed","ping_status":"closed","template":"","meta":{"footnotes":""},"class_list":["post-42","page","type-page","status-publish","hentry","entry"],"aioseo_notices":[],"_links":{"self":[{"href":"https:\/\/costadeptos.com.ar\/index.php?rest_route=\/wp\/v2\/pages\/42","targetHints":{"allow":["GET"]}}],"collection":[{"href":"https:\/\/costadeptos.com.ar\/index.php?rest_route=\/wp\/v2\/pages"}],"about":[{"href":"https:\/\/costadeptos.com.ar\/index.php?rest_route=\/wp\/v2\/types\/page"}],"author":[{"embeddable":true,"href":"https:\/\/costadeptos.com.ar\/index.php?rest_route=\/wp\/v2\/users\/1"}],"replies":[{"embeddable":true,"href":"https:\/\/costadeptos.com.ar\/index.php?rest_route=%2Fwp%2Fv2%2Fcomments&post=42"}],"version-history":[{"count":22,"href":"https:\/\/costadeptos.com.ar\/index.php?rest_route=\/wp\/v2\/pages\/42\/revisions"}],"predecessor-version":[{"id":326,"href":"https:\/\/costadeptos.com.ar\/index.php?rest_route=\/wp\/v2\/pages\/42\/revisions\/326"}],"wp:attachment":[{"href":"https:\/\/costadeptos.com.ar\/index.php?rest_route=%2Fwp%2Fv2%2Fmedia&parent=42"}],"curies":[{"name":"wp","href":"https:\/\/api.w.org\/{rel}","templated":true}]}}