{"id":37,"date":"2021-09-12T11:15:02","date_gmt":"2021-09-12T11:15:02","guid":{"rendered":"https:\/\/costadeptos.com.ar\/?page_id=37"},"modified":"2025-12-18T18:18:20","modified_gmt":"2025-12-18T21:18:20","slug":"principal","status":"publish","type":"page","link":"https:\/\/costadeptos.com.ar\/","title":{"rendered":"Bienvenidos a Costadeptos"},"content":{"rendered":"\n<p class=\"has-large-font-size\"><strong>Alquiler vacacional en Mar del Tuyu<\/strong><\/p>\n\n\n\n<p>\u00a1Reserva hoy mismo tus vacaciones so\u00f1adas y crea recuerdos inolvidables!<br>\u00a1Estamos deseando darte la bienvenida!<\/p>\n\n\n\n<p class=\"has-text-align-left has-normal-font-size\">Desde 1996, nos especializamos en brindar alojamiento y hemos sido la elecci\u00f3n de confianza para alquilar en Mar del Tuy\u00fa. <\/p>\n\n\n\n<p class=\"has-normal-font-size\">Nuestros departamentos, ubicados en Avenida 58 N\u00ba 64, ofrecen una ubicaci\u00f3n privilegiada frente al boulevard, a tan solo 50 metros del mar.<\/p>\n\n\n\n<iframe src=\"https:\/\/www.google.com\/maps\/embed?pb=!1m18!1m12!1m3!1d1274.8203776075131!2d-56.68948413031794!3d-36.559278298269824!2m3!1f0!2f0!3f0!3m2!1i1024!2i768!4f13.1!3m3!1m2!1s0x959c1323b72fc129%3A0x8f0578feeeacbfd8!2sC.%2058%2064%2C%20Mar%20del%20Tuy%C3%BA%2C%20Provincia%20de%20Buenos%20Aires%2C%20Argentina!5e1!3m2!1ses!2ses!4v1703787919793!5m2!1ses!2ses\" width=\"600\" height=\"450\" style=\"border:0;\" allowfullscreen=\"\" loading=\"lazy\" referrerpolicy=\"no-referrer-when-downgrade\"><\/iframe>\n\n\n\n<p class=\"has-normal-font-size\">Dise\u00f1ados para la comodidad de hasta 4 personas, nuestros departamentos garantizan una estancia placentera y est\u00e1n equipados con televisi\u00f3n por cable. <\/p>\n\n\n\n<p class=\"has-normal-font-size\">La provisi\u00f3n de agua caliente es central, la cocina equipada con horno convencional a gas y la heladera de tama\u00f1o normal adem\u00e1s de la vajilla, te aseguran un ambiente funcional para que te sientas como en casa y solo deber\u00e1s traer sabanas, toallas, repasadores y elementos personales.<\/p>\n\n\n\n<p class=\"has-normal-font-size\">Disfruta de la opci\u00f3n de elegir entre una vista al frente con balc\u00f3n par ver al mar y el boulevard o una tranquila vista contrafrente.<\/p>\n\n\n\n<p class=\"has-normal-font-size\">Disponemos de departamentos en planta baja, primer y segundo piso, para adaptarnos a tus preferencias.<\/p>\n\n\n\n<p class=\"has-normal-font-size\">Contamos con cocheras privadas en la parte trasera del edificio para tu conveniencia y seguridad.<\/p>\n\n\n\n<p class=\"has-normal-font-size\">Adem\u00e1s, nuestros departamentos cuentan con parrilla y lavadero compartidos en planta baja, fomentando un ambiente de comunidad entre nuestros hu\u00e9spedes.<\/p>\n\n\n\n<p class=\"has-normal-font-size\">Nuestro compromiso con la atenci\u00f3n en el lugar se extiende a lo largo de toda la temporada, asegurando que cada momento de tu estad\u00eda sea atendido con dedicaci\u00f3n y profesionalismo.<\/p>\n\n\n\n<p class=\"has-normal-font-size\">Descubre la magia de Mar del Tuy\u00fa con nosotros y reserva tu lugar para vivir unas vacaciones inolvidables.<\/p>\n\n\n\n<p class=\"has-normal-font-size\">\u00a1Esperamos recibirte pronto en Mar del Tuy\u00fa!<\/p>\n\n\n\n<h4 class=\"wp-block-heading alignwide\" id=\"desde-1996-ofrecemos-departamentos-en-alquiler-en-mar-del-tuyu-en-avenida-58-n\u00ba-64-frente-al-boulevard-a-tan-solo-50-metros-del-mar\">En resumen:<\/h4>\n\n\n\n<ul class=\"wp-block-list\">\n<li><strong>Departamentos equipados para hasta 4 personas<\/strong>.<\/li>\n\n\n\n<li><strong>Vista al frente con balc\u00f3n o vista contra frente<\/strong>.<\/li>\n\n\n\n<li><strong>Departamentos en  PB, 1\u00ba y 2\u00ba piso<\/strong>.<\/li>\n\n\n\n<li><strong>Cocheras privadas<\/strong>.<\/li>\n\n\n\n<li><strong>Televisi\u00f3n por cable<\/strong>.<\/li>\n\n\n\n<li><strong>Parrilla y lavadero compartidos en PB<\/strong>.<\/li>\n\n\n\n<li><strong>Agua caliente central<\/strong>.<\/li>\n\n\n\n<li><strong>Cocina con horno convencional a gas y heladera standar.<\/strong><\/li>\n\n\n\n<li><strong>Vajilla y frazadas (solo deber\u00e1s traer sabanas, toallas, repasadores)<\/strong><\/li>\n\n\n\n<li><strong>Atenci\u00f3n en el lugar toda la temporada<\/strong><\/li>\n<\/ul>\n\n\n\n<p class=\"has-light-gray-color has-text-color\" style=\"font-size:28px;line-height:1.2\"><strong>Cont\u00e1ctenos al 02246-528168 o WhatsApp Celular (11) 3912-2258 para mas informaci\u00f3n y reservas.<\/strong><\/p>\n\n\n\n<figure class=\"wp-block-image size-full\"><a href=\"https:\/\/wa.me\/5491139122258\"><img loading=\"lazy\" decoding=\"async\" width=\"378\" height=\"80\" src=\"https:\/\/costadeptos.com.ar\/wp-content\/uploads\/2023\/12\/wa.png\" alt=\"\" class=\"wp-image-301\"\/><\/a><\/figure>\n","protected":false},"excerpt":{"rendered":"<p>Alquiler vacacional en Mar del Tuyu \u00a1Reserva hoy mismo tus vacaciones so\u00f1adas y crea recuerdos inolvidables!\u00a1Estamos deseando darte la bienvenida! Desde 1996, nos especializamos en brindar alojamiento y hemos sido la elecci\u00f3n de confianza para alquilar en Mar del Tuy\u00fa. Nuestros departamentos, ubicados en Avenida 58 N\u00ba 64, ofrecen una ubicaci\u00f3n privilegiada frente al boulevard, &hellip; <\/p>\n<p class=\"link-more\"><a href=\"https:\/\/costadeptos.com.ar\/\" class=\"more-link\">Continuar leyendo<span class=\"screen-reader-text\"> &#8220;Bienvenidos a Costadeptos&#8221;<\/span><\/a><\/p>\n","protected":false},"author":1,"featured_media":362,"parent":0,"menu_order":0,"comment_status":"closed","ping_status":"closed","template":"","meta":{"footnotes":""},"class_list":["post-37","page","type-page","status-publish","has-post-thumbnail","hentry","entry"],"aioseo_notices":[],"_links":{"self":[{"href":"https:\/\/costadeptos.com.ar\/index.php?rest_route=\/wp\/v2\/pages\/37","targetHints":{"allow":["GET"]}}],"collection":[{"href":"https:\/\/costadeptos.com.ar\/index.php?rest_route=\/wp\/v2\/pages"}],"about":[{"href":"https:\/\/costadeptos.com.ar\/index.php?rest_route=\/wp\/v2\/types\/page"}],"author":[{"embeddable":true,"href":"https:\/\/costadeptos.com.ar\/index.php?rest_route=\/wp\/v2\/users\/1"}],"replies":[{"embeddable":true,"href":"https:\/\/costadeptos.com.ar\/index.php?rest_route=%2Fwp%2Fv2%2Fcomments&post=37"}],"version-history":[{"count":30,"href":"https:\/\/costadeptos.com.ar\/index.php?rest_route=\/wp\/v2\/pages\/37\/revisions"}],"predecessor-version":[{"id":370,"href":"https:\/\/costadeptos.com.ar\/index.php?rest_route=\/wp\/v2\/pages\/37\/revisions\/370"}],"wp:featuredmedia":[{"embeddable":true,"href":"https:\/\/costadeptos.com.ar\/index.php?rest_route=\/wp\/v2\/media\/362"}],"wp:attachment":[{"href":"https:\/\/costadeptos.com.ar\/index.php?rest_route=%2Fwp%2Fv2%2Fmedia&parent=37"}],"curies":[{"name":"wp","href":"https:\/\/api.w.org\/{rel}","templated":true}]}}