{"id":145,"date":"2021-11-29T18:21:39","date_gmt":"2021-11-29T18:21:39","guid":{"rendered":"https:\/\/costadeptos.com.ar\/?page_id=145"},"modified":"2026-03-06T13:07:37","modified_gmt":"2026-03-06T16:07:37","slug":"tarifas-temporada-2023","status":"publish","type":"page","link":"https:\/\/costadeptos.com.ar\/?page_id=145","title":{"rendered":"Precios"},"content":{"rendered":"\n<p class=\"has-large-font-size\"><strong>Alquiler de departamentos en Mar del Tuyu <\/strong><\/p>\n\n\n\n<p class=\"has-text-align-center has-huge-font-size\"><strong>TEMPORADA 20XX<\/strong><\/p>\n\n\n\n<p class=\"has-large-font-size\"><strong>\u00a1Haga su reserva y asegure su lugar al mejor precio!<\/strong><\/p>\n\n\n\n<p class=\"has-normal-font-size\"><strong>Nuestro compromiso constante es mejorar y ofrecer las tarifas m\u00e1s convenientes, con el objetivo de que contin\u00fae eligi\u00e9ndonos y nos recomiende.<\/strong><\/p>\n\n\n\n<div class=\"wp-block-group\"><div class=\"wp-block-group__inner-container is-layout-constrained wp-block-group-is-layout-constrained\">\n<div class=\"wp-block-group\"><div class=\"wp-block-group__inner-container is-layout-constrained wp-block-group-is-layout-constrained\">\n<div class=\"wp-block-group is-horizontal is-layout-flex wp-block-group-is-layout-flex\">\n<figure class=\"wp-block-table\"><table><thead><tr><th class=\"has-text-align-center\" data-align=\"center\">Dia*<\/th><th>Precio<\/th><\/tr><\/thead><tbody><tr><td class=\"has-text-align-center\" data-align=\"center\">Frente con balc\u00f3n<\/td><td>$X.000<\/td><\/tr><tr><td class=\"has-text-align-center\" data-align=\"center\">Contrafrente<\/td><td>$X.000<\/td><\/tr><tr><td class=\"has-text-align-center\" data-align=\"center\">PB Frente<\/td><td>$X.000<\/td><\/tr><tr><td class=\"has-text-align-center\" data-align=\"center\">PB contrafrente<\/td><td>$X.000<\/td><\/tr><\/tbody><\/table><\/figure>\n\n\n\n<figure class=\"wp-block-table\"><table><thead><tr><th class=\"has-text-align-center\" data-align=\"center\">Cocheras<\/th><th>Precio<\/th><\/tr><\/thead><tbody><tr><td class=\"has-text-align-center\" data-align=\"center\">Dia<\/td><td>$X.000<\/td><\/tr><\/tbody><\/table><\/figure>\n<\/div>\n<\/div><\/div>\n<\/div><\/div>\n\n\n\n<p class=\"has-normal-font-size\"><strong>* El alquiler m\u00ednimo es de 4 d\u00edas.<\/strong><\/p>\n\n\n\n<p class=\"has-large-font-size\"><strong>Queremos brindarle la tranquilidad necesaria para que programe y reserve su estad\u00eda con total confianza, asegur\u00e1ndole el mejor precio y la calidad de siempre.<\/strong><\/p>\n\n\n\n<p class=\"has-large-font-size\">\u00a1Gracias por su visita y esperamos verlo pronto!<\/p>\n\n\n\n<figure class=\"wp-block-image size-full\"><a href=\"https:\/\/wa.me\/5491139122258\"><img loading=\"lazy\" decoding=\"async\" width=\"378\" height=\"80\" src=\"https:\/\/costadeptos.com.ar\/wp-content\/uploads\/2023\/12\/wa-1.png\" alt=\"\" class=\"wp-image-304\"\/><\/a><\/figure>\n\n\n\n<p class=\"has-large-font-size\" style=\"line-height:1.2\"><strong>Cont\u00e1ctenos al 02246-528168 o WhatsApp Celular (11) 3912-2258<\/strong> <strong>para mas informaci\u00f3n y reservas.<\/strong><\/p>\n\n\n\n<p>Alquiler temporal en Mar del Tuyu temporada vacaciones.<\/p>\n","protected":false},"excerpt":{"rendered":"<p>Alquiler de departamentos en Mar del Tuyu TEMPORADA 20XX \u00a1Haga su reserva y asegure su lugar al mejor precio! Nuestro compromiso constante es mejorar y ofrecer las tarifas m\u00e1s convenientes, con el objetivo de que contin\u00fae eligi\u00e9ndonos y nos recomiende. Dia* Precio Frente con balc\u00f3n $X.000 Contrafrente $X.000 PB Frente $X.000 PB contrafrente $X.000 Cocheras &hellip; <\/p>\n<p class=\"link-more\"><a href=\"https:\/\/costadeptos.com.ar\/?page_id=145\" class=\"more-link\">Continuar leyendo<span class=\"screen-reader-text\"> &#8220;Precios&#8221;<\/span><\/a><\/p>\n","protected":false},"author":1,"featured_media":0,"parent":0,"menu_order":0,"comment_status":"closed","ping_status":"closed","template":"","meta":{"footnotes":""},"class_list":["post-145","page","type-page","status-publish","hentry","entry"],"aioseo_notices":[],"_links":{"self":[{"href":"https:\/\/costadeptos.com.ar\/index.php?rest_route=\/wp\/v2\/pages\/145","targetHints":{"allow":["GET"]}}],"collection":[{"href":"https:\/\/costadeptos.com.ar\/index.php?rest_route=\/wp\/v2\/pages"}],"about":[{"href":"https:\/\/costadeptos.com.ar\/index.php?rest_route=\/wp\/v2\/types\/page"}],"author":[{"embeddable":true,"href":"https:\/\/costadeptos.com.ar\/index.php?rest_route=\/wp\/v2\/users\/1"}],"replies":[{"embeddable":true,"href":"https:\/\/costadeptos.com.ar\/index.php?rest_route=%2Fwp%2Fv2%2Fcomments&post=145"}],"version-history":[{"count":29,"href":"https:\/\/costadeptos.com.ar\/index.php?rest_route=\/wp\/v2\/pages\/145\/revisions"}],"predecessor-version":[{"id":373,"href":"https:\/\/costadeptos.com.ar\/index.php?rest_route=\/wp\/v2\/pages\/145\/revisions\/373"}],"wp:attachment":[{"href":"https:\/\/costadeptos.com.ar\/index.php?rest_route=%2Fwp%2Fv2%2Fmedia&parent=145"}],"curies":[{"name":"wp","href":"https:\/\/api.w.org\/{rel}","templated":true}]}}